

{"id":158,"date":"2012-12-12T12:14:09","date_gmt":"2012-12-12T12:14:09","guid":{"rendered":"http:\/\/kunovice.knihovna.info\/?page_id=158"},"modified":"2017-05-05T06:56:46","modified_gmt":"2017-05-05T06:56:46","slug":"vymenne-soubory","status":"publish","type":"page","link":"https:\/\/kunovice.knihovna.info\/?page_id=158","title":{"rendered":"V\u00fdm\u011bnn\u00e9 soubory"},"content":{"rendered":"<p style=\"text-align: center;\">T\u0159ikr\u00e1t ro\u010dn\u011b je knihovn\u011b poskytov\u00e1n tzv.<strong><span style=\"color: #ff6600;\"> V\u00ddM\u011aNN\u00dd SOUBOR KNIH<\/span><\/strong>, kter\u00fd je v\u017edy po roce obm\u011b\u0148ov\u00e1n za nov\u00e9 soubory knih.<\/p>\n<p style=\"text-align: center;\">V\u00fdm\u011bnn\u00e9 soubory jsou po\u0159\u00edzeny <strong>z finan\u010dn\u00edch prost\u0159edk\u016f Zl\u00ednsk\u00e9ho kraje.<\/strong><\/p>\n<p style=\"text-align: center;\"><strong>Seznam knih, kter\u00e9 jsou pr\u00e1v\u011b knihovn\u011b zap\u016fj\u010deny naleznete zde:<\/strong><\/p>\n<h3 style=\"text-align: center;\"><span style=\"color: #ffcc00;\"><strong>Zimn\u00ed soubor &#8211; <a href=\"http:\/\/kunovice.knihovna.info\/wp-content\/uploads\/2012\/12\/CI2017zlutyKunovice.pdf\">CI2017zlutyKunovice<\/a><\/strong><\/span><\/h3>\n<h3 style=\"text-align: center;\"><span style=\"color: #ff0000;\"><strong>Jarn\u00ed soubor<\/strong> \u2013 <a href=\"http:\/\/kunovice.knihovna.info\/wp-content\/uploads\/2012\/12\/CI-2017-\u010derven\u00fd-Kunovice.pdf\">CI &#8211; 2017 &#8211; \u010derven\u00fd &#8211; Kunovice<\/a><\/span><\/h3>\n<h3 style=\"text-align: center;\"><span style=\"color: #0000ff;\"><strong>Podzimn\u00ed soubor<\/strong> \u2013 <a href=\"http:\/\/kunovice.knihovna.info\/wp-content\/uploads\/2012\/12\/CI2016modryKunovice.pdf\">CI2016modryKunovice<\/a><br style=\"color: #0000ff;\" \/><\/span><\/h3>\n<p style=\"text-align: center;\">V knihovn\u011b pozn\u00e1te tyto knihy podle \u017elut\u00e9 (zimn\u00ed soubor), \u010derven\u00e9 (jarn\u00ed soubor) nebo modr\u00e9 p\u00e1sky (podzimn\u00ed soubor) na h\u0159bet\u011b knihy.<\/p>\n<h4 style=\"text-align: center;\"><a href=\"http:\/\/kunovice.knihovna.info\/wp-content\/uploads\/2012\/12\/knihysdetskou.png\"><img loading=\"lazy\" decoding=\"async\" class=\"size-medium wp-image-171 alignleft\" title=\"knihysdetskou\" src=\"http:\/\/kunovice.knihovna.info\/wp-content\/uploads\/2012\/12\/knihysdetskou-300x240.png\" alt=\"\" width=\"300\" height=\"240\" srcset=\"https:\/\/kunovice.knihovna.info\/wp-content\/uploads\/2012\/12\/knihysdetskou-300x240.png 300w, https:\/\/kunovice.knihovna.info\/wp-content\/uploads\/2012\/12\/knihysdetskou.png 511w\" sizes=\"auto, (max-width: 300px) 100vw, 300px\" \/><\/a><\/h4>\n<h4 style=\"text-align: center;\"><\/h4>\n<h4 style=\"text-align: center;\"><\/h4>\n<h4 style=\"text-align: center;\"><\/h4>\n<h4 style=\"text-align: center;\"><\/h4>\n<h4 style=\"text-align: center;\"><\/h4>\n<h4 style=\"text-align: center;\"><\/h4>\n<h4 style=\"text-align: center;\"><strong>Aktu\u00e1ln\u011b m\u00e1me v knihovn\u011b t\u00e9m\u011b\u0159 300 knih v\u00a0 t\u011bchto souborech a \u010dekaj\u00ed pr\u00e1v\u011b na v\u00e1s!<\/strong><\/h4>\n<p>&nbsp;<\/p>\n<h2 style=\"text-align: center;\"><strong><span style=\"color: #ff6600;\">P\u0159ij\u010fte \u2013 ur\u010dit\u011b si vyberete<\/span> <img decoding=\"async\" src=\"http:\/\/kladeruby.knihovna.info\/wp-includes\/images\/smilies\/icon_smile.gif\" alt=\":-)\" \/> <\/strong><\/h2>\n","protected":false},"excerpt":{"rendered":"<p>T\u0159ikr\u00e1t ro\u010dn\u011b je knihovn\u011b poskytov\u00e1n tzv. V\u00ddM\u011aNN\u00dd SOUBOR KNIH, kter\u00fd je v\u017edy po roce obm\u011b\u0148ov\u00e1n za nov\u00e9 soubory knih. V\u00fdm\u011bnn\u00e9 soubory jsou po\u0159\u00edzeny z finan\u010dn\u00edch prost\u0159edk\u016f Zl\u00ednsk\u00e9ho kraje. Seznam knih, kter\u00e9 jsou pr\u00e1v\u011b knihovn\u011b zap\u016fj\u010deny naleznete zde: Zimn\u00ed soubor &#8211; CI2017zlutyKunovice Jarn\u00ed soubor \u2013 CI &#8211; 2017 &#8211; \u010derven\u00fd &#8211; Kunovice Podzimn\u00ed soubor \u2013 CI2016modryKunovice [&hellip;]<\/p>\n","protected":false},"author":1,"featured_media":0,"parent":0,"menu_order":0,"comment_status":"closed","ping_status":"closed","template":"","meta":{"footnotes":""},"class_list":["post-158","page","type-page","status-publish","hentry"],"_links":{"self":[{"href":"https:\/\/kunovice.knihovna.info\/index.php?rest_route=\/wp\/v2\/pages\/158","targetHints":{"allow":["GET"]}}],"collection":[{"href":"https:\/\/kunovice.knihovna.info\/index.php?rest_route=\/wp\/v2\/pages"}],"about":[{"href":"https:\/\/kunovice.knihovna.info\/index.php?rest_route=\/wp\/v2\/types\/page"}],"author":[{"embeddable":true,"href":"https:\/\/kunovice.knihovna.info\/index.php?rest_route=\/wp\/v2\/users\/1"}],"replies":[{"embeddable":true,"href":"https:\/\/kunovice.knihovna.info\/index.php?rest_route=%2Fwp%2Fv2%2Fcomments&post=158"}],"version-history":[{"count":33,"href":"https:\/\/kunovice.knihovna.info\/index.php?rest_route=\/wp\/v2\/pages\/158\/revisions"}],"predecessor-version":[{"id":479,"href":"https:\/\/kunovice.knihovna.info\/index.php?rest_route=\/wp\/v2\/pages\/158\/revisions\/479"}],"wp:attachment":[{"href":"https:\/\/kunovice.knihovna.info\/index.php?rest_route=%2Fwp%2Fv2%2Fmedia&parent=158"}],"curies":[{"name":"wp","href":"https:\/\/api.w.org\/{rel}","templated":true}]}}